{"id":1046,"date":"2015-06-16T11:05:25","date_gmt":"2015-06-16T11:05:25","guid":{"rendered":"http:\/\/makil.vl17156.dinaserver.com\/?page_id=1046"},"modified":"2024-06-28T06:49:50","modified_gmt":"2024-06-28T06:49:50","slug":"bar-restaurante-biarritz-san-sebastian","status":"publish","type":"page","link":"https:\/\/restaurante-biarritz.es\/fr\/bar-restaurante-biarritz-san-sebastian\/","title":{"rendered":"RESTAURANT"},"content":{"rendered":"<div id='av_section_1'  class='avia-section main_color avia-section-default avia-no-border-styling  avia-full-stretch av-section-color-overlay-active avia-bg-style-fixed  avia-builder-el-0  el_before_av_one_full  avia-builder-el-first  margin-negativo  av-minimum-height av-minimum-height-custom  container_wrap sidebar_right' style='background-repeat: no-repeat; background-image: url(https:\/\/restaurante-biarritz.es\/wp-content\/uploads\/2023\/05\/sala-scaled.jpg);background-attachment: fixed; background-position: bottom center;  '  data-section-bg-repeat='stretch'><div class='av-section-color-overlay-wrap'><div class='av-section-color-overlay' style='opacity: 0.3; background-color: #000000; '><\/div><a href='#next-section' title='' class='scroll-down-link '  aria-hidden='true' data-av_icon='\ue877' data-av_iconfont='entypo-fontello'><\/a><div class='container' style='height:700px'><main  class='template-page content  av-content-small alpha units'><div class='post-entry post-entry-type-page post-entry-1046'><div class='entry-content-wrapper clearfix'>\n\n<\/div><\/div><\/main><!-- close content main element --><\/div><\/div><\/div><div id='after_section_1'  class='main_color av_default_container_wrap container_wrap sidebar_right' style=' '  ><div class='container' ><div class='template-page content  av-content-small alpha units'><div class='post-entry post-entry-type-page post-entry-1046'><div class='entry-content-wrapper clearfix'>\n<div class=\"flex_column av_one_full  no_margin flex_column_div av-zero-column-padding first  avia-builder-el-2  el_after_av_section  el_before_av_layout_row  avia-builder-el-no-sibling  especial \" style='margin-top:0px; margin-bottom:0px; background: #ffffff; background-color:#ffffff; border-radius:0px; '><section class=\"av_textblock_section \" ><div class='avia_textblock  '  style='font-size:14px; ' ><h2 class=\"subtitulo-linea\">Bar \/ Terrasse<\/h2>\n<\/div><\/section><br \/>\n<section class=\"av_textblock_section \" ><div class='avia_textblock contenedor-texto '  style='font-size:12px; ' ><h3 class=\"subtitulo3\">Le Cantabrique dans votre assiette<\/h3>\n<p class=\"texto-interno\">Avec ses grandes baies vitr\u00e9es ouvertes sur la baie de la Concha et sa terrasse face \u00e0 la mer, le Biarritz est un cadre exceptionnel pour prendre un verre, d\u00e9guster des pintxos typiques ou partager des assortiments de produits locaux. Un plaisir pour tous les sens.<\/p>\n<p class=\"texto-interno\">De mai \u00e0 octobre, retrouvez toutes les prestations de notre bar sur notre accueillante terrasse situ\u00e9e sur paseo de La Concha.<\/p>\n<p class=\"texto-interno\"><b>HORAIRES DU BAR<\/b><br \/>\n<b>Du lundi au dimanche:<\/b> De 7 h 30 \u00e0 minuit<br \/>\n<b>HORAIRES DE LA TERRASSE<\/b><br \/>\n<b>Du lundi au dimanche:<\/b> De 12 h \u00e0 minuit<br \/>\n<b>HORAIRES DE LA CUISINE<\/b><br \/>\n<b>Du lundi au dimanche:<\/b> De 12 h \u00e0 15 h | de 19 h \u00e0 23 h<\/p>\n<\/div><\/section><\/p><\/div>\n<\/div><\/div><\/div><!-- close content main div --><\/div><\/div><div id='av-layout-grid-1'  class='av-layout-grid-container entry-content-wrapper main_color av-flex-cells     avia-builder-el-5  el_after_av_one_full  el_before_av_slideshow_accordion  submenu-not-first container_wrap sidebar_right' style=' '  >\n<div class=\"flex_cell no_margin av_one_half  avia-builder-el-6  el_before_av_cell_one_half  avia-builder-el-first   \" ><div class='flex_cell_inner' ><div  class='avia-button-wrap avia-button-right  avia-builder-el-7  avia-builder-el-no-sibling  boton' ><a href='\/fr\/carte-2\/'  class='avia-button   avia-icon_select-no avia-color-custom avia-size-medium avia-position-right '  style='background-color:#d6baa2; border-color:#d6baa2; color:#000000; ' ><span class='avia_iconbox_title' >VOIR LES CARTES<\/span><\/a><\/div>\n<\/div><\/div><div class=\"flex_cell no_margin av_one_half  avia-builder-el-8  el_after_av_cell_one_half  avia-builder-el-last   \" ><div class='flex_cell_inner' ><div  class='avia-button-wrap avia-button-left  avia-builder-el-9  avia-builder-el-no-sibling ' ><a href='\/fr\/reservations\/'  class='avia-button   avia-icon_select-no avia-color-custom avia-size-medium avia-position-left '  style='background-color:#1b2130; border-color:#1b2130; color:#ffffff; ' ><span class='avia_iconbox_title' >R\u00c9SERVER<\/span><\/a><\/div>\n<\/div><\/div>\n<\/div>\n<div  id=\"accordion_slider_1\"  class='aviaccordion aviaccordion-title-active  ' style='max-height:684px' data-av-maxheight='684' data-autoplay='false' data-interval='5'  ><ul class='aviaccordion-inner'><li class='aviaccordion-slide aviaccordion-slide-1' style='left:0%' data-av-left='0' ><a class='aviaccordion-slide-link noHover' href='https:\/\/restaurante-biarritz.es\/wp-content\/uploads\/2023\/05\/imagen-acordeon-restaurante-1-min.jpg' ><div class='aviaccordion-preview  av-accordion-text-center' style='width:15.1%'><\/div><img loading=\"lazy\" decoding=\"async\" width=\"700\" height=\"684\" src=\"https:\/\/restaurante-biarritz.es\/wp-content\/uploads\/2023\/05\/imagen-acordeon-restaurante-1-min-700x684.jpg\" class=\"aviaccordion-image\" alt=\"\" srcset=\"https:\/\/restaurante-biarritz.es\/wp-content\/uploads\/2023\/05\/imagen-acordeon-restaurante-1-min-700x684.jpg 700w, https:\/\/restaurante-biarritz.es\/wp-content\/uploads\/2023\/05\/imagen-acordeon-restaurante-1-min-36x36.jpg 36w\" sizes=\"auto, (max-width: 700px) 100vw, 700px\" \/><\/a><\/li><li class='aviaccordion-slide aviaccordion-slide-2' style='left:14.285714285714%' data-av-left='14.285714285714' ><a class='aviaccordion-slide-link noHover' href='https:\/\/restaurante-biarritz.es\/wp-content\/uploads\/2023\/04\/platos-biarritz-galeria-3-min.jpg' ><div class='aviaccordion-preview  av-accordion-text-center' style='width:15.1%'><\/div><img loading=\"lazy\" decoding=\"async\" width=\"700\" height=\"684\" src=\"https:\/\/restaurante-biarritz.es\/wp-content\/uploads\/2023\/04\/platos-biarritz-galeria-3-min-700x684.jpg\" class=\"aviaccordion-image\" alt=\"\" srcset=\"https:\/\/restaurante-biarritz.es\/wp-content\/uploads\/2023\/04\/platos-biarritz-galeria-3-min-700x684.jpg 700w, https:\/\/restaurante-biarritz.es\/wp-content\/uploads\/2023\/04\/platos-biarritz-galeria-3-min-36x36.jpg 36w\" sizes=\"auto, (max-width: 700px) 100vw, 700px\" \/><\/a><\/li><li class='aviaccordion-slide aviaccordion-slide-3' style='left:28.571428571429%' data-av-left='28.571428571429' ><a class='aviaccordion-slide-link noHover' href='https:\/\/restaurante-biarritz.es\/wp-content\/uploads\/2024\/06\/bar-galeria11-1030x687-1.jpg' ><div class='aviaccordion-preview  av-accordion-text-center' style='width:15.1%'><\/div><img loading=\"lazy\" decoding=\"async\" width=\"845\" height=\"684\" src=\"https:\/\/restaurante-biarritz.es\/wp-content\/uploads\/2024\/06\/bar-galeria11-1030x687-1-845x684.jpg\" class=\"aviaccordion-image\" alt=\"\" srcset=\"https:\/\/restaurante-biarritz.es\/wp-content\/uploads\/2024\/06\/bar-galeria11-1030x687-1-845x684.jpg 845w, https:\/\/restaurante-biarritz.es\/wp-content\/uploads\/2024\/06\/bar-galeria11-1030x687-1-495x400.jpg 495w\" sizes=\"auto, (max-width: 845px) 100vw, 845px\" \/><\/a><\/li><li class='aviaccordion-slide aviaccordion-slide-4' style='left:42.857142857143%' data-av-left='42.857142857143' ><a class='aviaccordion-slide-link noHover' href='https:\/\/restaurante-biarritz.es\/wp-content\/uploads\/2023\/05\/imagen-acordeon-restaurante-6-min.jpg' ><div class='aviaccordion-preview  av-accordion-text-center' style='width:15.1%'><\/div><img loading=\"lazy\" decoding=\"async\" width=\"700\" height=\"684\" src=\"https:\/\/restaurante-biarritz.es\/wp-content\/uploads\/2023\/05\/imagen-acordeon-restaurante-6-min-700x684.jpg\" class=\"aviaccordion-image\" alt=\"\" srcset=\"https:\/\/restaurante-biarritz.es\/wp-content\/uploads\/2023\/05\/imagen-acordeon-restaurante-6-min-700x684.jpg 700w, https:\/\/restaurante-biarritz.es\/wp-content\/uploads\/2023\/05\/imagen-acordeon-restaurante-6-min-36x36.jpg 36w\" sizes=\"auto, (max-width: 700px) 100vw, 700px\" \/><\/a><\/li><li class='aviaccordion-slide aviaccordion-slide-5' style='left:57.142857142857%' data-av-left='57.142857142857' ><a class='aviaccordion-slide-link noHover' href='https:\/\/restaurante-biarritz.es\/wp-content\/uploads\/2023\/05\/imagen-acordeon-restaurante-5-min.jpg' ><div class='aviaccordion-preview  av-accordion-text-center' style='width:15.1%'><\/div><img loading=\"lazy\" decoding=\"async\" width=\"700\" height=\"684\" src=\"https:\/\/restaurante-biarritz.es\/wp-content\/uploads\/2023\/05\/imagen-acordeon-restaurante-5-min-700x684.jpg\" class=\"aviaccordion-image\" alt=\"\" srcset=\"https:\/\/restaurante-biarritz.es\/wp-content\/uploads\/2023\/05\/imagen-acordeon-restaurante-5-min-700x684.jpg 700w, https:\/\/restaurante-biarritz.es\/wp-content\/uploads\/2023\/05\/imagen-acordeon-restaurante-5-min-36x36.jpg 36w\" sizes=\"auto, (max-width: 700px) 100vw, 700px\" \/><\/a><\/li><li class='aviaccordion-slide aviaccordion-slide-6' style='left:71.428571428571%' data-av-left='71.428571428571' ><a class='aviaccordion-slide-link noHover' href='' ><div class='aviaccordion-preview  av-accordion-text-center' style='width:15.1%'><\/div><img loading=\"lazy\" decoding=\"async\" width=\"700\" height=\"684\" src=\"https:\/\/restaurante-biarritz.es\/wp-content\/uploads\/2023\/04\/platos-biarritz-galeria-4-min-700x684.jpg\" class=\"aviaccordion-image\" alt=\"\" srcset=\"https:\/\/restaurante-biarritz.es\/wp-content\/uploads\/2023\/04\/platos-biarritz-galeria-4-min-700x684.jpg 700w, https:\/\/restaurante-biarritz.es\/wp-content\/uploads\/2023\/04\/platos-biarritz-galeria-4-min-36x36.jpg 36w\" sizes=\"auto, (max-width: 700px) 100vw, 700px\" \/><\/a><\/li><li class='aviaccordion-slide aviaccordion-slide-7' style='left:85.714285714286%' data-av-left='85.714285714286' ><a class='aviaccordion-slide-link noHover' href='https:\/\/restaurante-biarritz.es\/wp-content\/uploads\/2023\/05\/imagen-acordeon-restaurante-7-min.jpg' ><div class='aviaccordion-preview  av-accordion-text-center' style='width:15.1%'><\/div><img loading=\"lazy\" decoding=\"async\" width=\"700\" height=\"684\" src=\"https:\/\/restaurante-biarritz.es\/wp-content\/uploads\/2023\/05\/imagen-acordeon-restaurante-7-min-700x684.jpg\" class=\"aviaccordion-image\" alt=\"\" srcset=\"https:\/\/restaurante-biarritz.es\/wp-content\/uploads\/2023\/05\/imagen-acordeon-restaurante-7-min-700x684.jpg 700w, https:\/\/restaurante-biarritz.es\/wp-content\/uploads\/2023\/05\/imagen-acordeon-restaurante-7-min-36x36.jpg 36w\" sizes=\"auto, (max-width: 700px) 100vw, 700px\" \/><\/a><\/li><\/ul><div class='aviaccordion-spacer' style='padding-bottom:80.94674556213%'><\/div><\/div>\n<div class=\"flex_column av_one_full  flex_column_div av-zero-column-padding first  avia-builder-el-11  el_after_av_slideshow_accordion  el_before_av_icon_box  avia-builder-el-first  \" style='margin-top:30px; margin-bottom:0px; border-radius:0px; '><section class=\"av_textblock_section  av-desktop-hide av-medium-hide av-small-hide av-mini-hide\" ><div class='avia_textblock  '  style='font-size:14px; ' ><h2 class=\"subtitulo-linea\">Le Restaurant<\/h2>\n<\/div><\/section><br \/>\n<section class=\"av_textblock_section  av-desktop-hide av-medium-hide av-small-hide av-mini-hide\" ><div class='avia_textblock  '  style='font-size:14px; ' ><h3 class=\"subtitulo3\">\u00c0 FEU DOUX<\/h3>\n<p class=\"texto-interno\">Le restaurant Biarritz, c\u2019est un cadre intime, face \u00e0 la baie de la Concha, \u00e0 Saint-S\u00e9bastien. Des recettes traditionnelles avec une petite touche de modernit\u00e9 et un clin d&rsquo;\u0153il \u00e0 nos racines, \u00e0 la mer Cantabrique, et \u00e0 la gastronomie basque, en accordant la plus grande valeur au respect des produits.<\/p>\n<p class=\"texto-interno\"><b>Le vendredi: <\/b> de 20 h \u00e0 23 h.<br \/>\n<b>Le samedi: <\/b>de 13 h 30 \u00e0 16 h | de 20 h \u00e0 23 h<br \/>\n<b>Domingo:<\/b> de 13 h 30 \u00e0 16 h | de 20 h \u00e0 23 h<\/p>\n<\/div><\/section><\/p><\/div><article  class=\"iconbox iconbox_top main_color   av-desktop-hide av-medium-hide av-small-hide av-mini-hide  avia-builder-el-14  el_after_av_one_full  el_before_av_layout_row  avia-builder-el-last  \" ><div class=\"iconbox_content\"><header class=\"entry-content-header\"><div class=\"iconbox_icon heading-color\" aria-hidden='true' data-av_icon='\ue81e' data-av_iconfont='entypo-fontello'  style='background-color:#ff6e5b; ' ><\/div><h3 class='iconbox_content_title  '   style='color:#ff9082; font-size:18px; '>Ferm\u00e9 pour les vacances<\/h3><\/header><div class='iconbox_content_container av_inherit_color '   style='color:#ff6e5b; font-size:13px; '><p>L&rsquo;espace \u00ab Restaurant \u00bb est ferm\u00e9 pour les vacances. Nous reviendrons fin f\u00e9vrier. D&rsquo;ici l\u00e0, vous pouvez continuer \u00e0 profiter de notre proposition culinaire au \u00ab\u00a0Bar\u00a0\u00bb.<\/p>\n<p>Si vous souhaitez rester inform\u00e9 de la date d&rsquo;ouverture d\u00e9finitive, contactez reserva@restaurante-biarritz.com.<\/p>\n<\/div><\/div><footer class=\"entry-footer\"><\/footer><\/article><\/p>\n<\/div><\/div><\/div><!-- close content main div --><\/div><\/div><div id='av-layout-grid-2'  class='av-layout-grid-container entry-content-wrapper main_color av-flex-cells   av-desktop-hide av-medium-hide av-small-hide av-mini-hide   avia-builder-el-15  el_after_av_icon_box  avia-builder-el-last  submenu-not-first container_wrap sidebar_right' style=' '  >\n<div class=\"flex_cell no_margin av_one_half  avia-builder-el-16  el_before_av_cell_one_half  avia-builder-el-first   \" ><div class='flex_cell_inner' ><div  class='avia-button-wrap avia-button-right  avia-builder-el-17  avia-builder-el-no-sibling  boton' ><a href='\/fr\/carte-2\/'  class='avia-button   avia-icon_select-no avia-color-custom avia-size-medium avia-position-right '  style='background-color:#d6baa2; border-color:#d6baa2; color:#000000; ' ><span class='avia_iconbox_title' >VOIR LES CARTES<\/span><\/a><\/div>\n<\/div><\/div><div class=\"flex_cell no_margin av_one_half  avia-builder-el-18  el_after_av_cell_one_half  avia-builder-el-last   \" ><div class='flex_cell_inner' ><div  class='avia-button-wrap avia-button-left  avia-builder-el-19  avia-builder-el-no-sibling ' ><a href='\/fr\/reservations\/'  class='avia-button   avia-icon_select-no avia-color-custom avia-size-medium avia-position-left '  style='background-color:#1b2130; border-color:#1b2130; color:#ffffff; ' ><span class='avia_iconbox_title' >R\u00c9SERVER<\/span><\/a><\/div>\n<\/div><\/div>\n<\/div>\n","protected":false},"excerpt":{"rendered":"","protected":false},"author":1,"featured_media":0,"parent":0,"menu_order":0,"comment_status":"closed","ping_status":"closed","template":"","meta":{"footnotes":""},"class_list":["post-1046","page","type-page","status-publish","hentry"],"aioseo_notices":[],"_links":{"self":[{"href":"https:\/\/restaurante-biarritz.es\/fr\/wp-json\/wp\/v2\/pages\/1046","targetHints":{"allow":["GET"]}}],"collection":[{"href":"https:\/\/restaurante-biarritz.es\/fr\/wp-json\/wp\/v2\/pages"}],"about":[{"href":"https:\/\/restaurante-biarritz.es\/fr\/wp-json\/wp\/v2\/types\/page"}],"author":[{"embeddable":true,"href":"https:\/\/restaurante-biarritz.es\/fr\/wp-json\/wp\/v2\/users\/1"}],"replies":[{"embeddable":true,"href":"https:\/\/restaurante-biarritz.es\/fr\/wp-json\/wp\/v2\/comments?post=1046"}],"version-history":[{"count":28,"href":"https:\/\/restaurante-biarritz.es\/fr\/wp-json\/wp\/v2\/pages\/1046\/revisions"}],"predecessor-version":[{"id":7050,"href":"https:\/\/restaurante-biarritz.es\/fr\/wp-json\/wp\/v2\/pages\/1046\/revisions\/7050"}],"wp:attachment":[{"href":"https:\/\/restaurante-biarritz.es\/fr\/wp-json\/wp\/v2\/media?parent=1046"}],"curies":[{"name":"wp","href":"https:\/\/api.w.org\/{rel}","templated":true}]}}