{"id":1054,"date":"2015-09-28T16:01:39","date_gmt":"2015-09-28T16:01:39","guid":{"rendered":"http:\/\/makil.vl17156.dinaserver.com\/?page_id=1054"},"modified":"2023-05-23T20:25:13","modified_gmt":"2023-05-23T20:25:13","slug":"notice-legale","status":"publish","type":"page","link":"https:\/\/restaurante-biarritz.es\/fr\/notice-legale\/","title":{"rendered":"Notice L\u00e9gale"},"content":{"rendered":"<section class=\"av_textblock_section \" ><div class='avia_textblock  '  ><h1 class=\"subtitulo-especial\">Notice L\u00e9gale <\/h1>\n<p><strong>Informations relatives au propri\u00e9taire<\/strong><\/p>\n<p>En vertu des dispositions de la loi relative aux Services de la Soci\u00e9t\u00e9 de l\u2019Information (LSSI), les utilisateurs du site http:\/\/restaurante-biarritz.es\/ sont inform\u00e9s que les donn\u00e9es du propri\u00e9taire du site Internet sont les suivantes\u00a0:<\/p>\n<p>Nom\u00a0: Explotaciones Financieras S.A. Adresse\u00a0: Calle Zubieta 56 \u2013 20007 \u2013 Donostia-San Sebasti\u00e1n<br \/>\nN\u00ba d\u2019Identif. Fiscale\u00a0: A20034856<br \/>\nRegistre Civil\u00a0: Ville de \/ Tome \/ Page<br \/>\nContact t\u00e9l\u00e9phone : +34 943423349<br \/>\nContact e-mail : info@restaurante-biarritz.es<\/p>\n<p>L\u2019acc\u00e8s au site Internet http:\/\/restaurante-biarritz.es\/ appartenant \u00e0 Explotaciones Financieras S.A. et l\u2019utilisation des services propos\u00e9s sur ce site impliquent l\u2019acceptation des termes et conditions d\u2019utilisation suivants\u00a0:<\/p>\n<p><strong>Propri\u00e9t\u00e9 Intellectuelle\u00a0:<\/strong><br \/>\nla conception, le code-source et les contenus du site Internet http:\/\/restaurante-biarritz.es\/ sont prot\u00e9g\u00e9s par la l\u00e9gislation espagnole relative aux droits de propri\u00e9t\u00e9 intellectuelle et industrielle en faveur d\u2019Explotaciones Financieras S.A., leur reproduction, distribution ou communication publique, totale ou partielle, sans l\u2019autorisation expresse d\u2019Explotaciones<br \/>\nFinancieras S.A. \u00e9tant strictement interdite.<\/p>\n<p><strong>Politique de Confidentialit\u00e9 et de Protection des Donn\u00e9es (L.O.P.D.)\u00a0:<\/strong><br \/>\nExplotaciones Financieras S.A. informe les utilisateurs du site Internet http:\/\/restaurante-biarritz.es\/ qu\u2019elle pourra cr\u00e9er un fichier automatis\u00e9 avec les donn\u00e9es personnelles port\u00e9es \u00e0 sa connaissance, comme cons\u00e9quence de l\u2019utilisation des services propos\u00e9s sur http:\/\/restaurante-biarritz.es\/, de l\u2019envoi de courriers \u00e9lectroniques \u00e0 info@restaurante-biarritz.es ou de l\u2019utilisation de formulaires de contact ou d\u2019inscription disponibles sur le site. En tout \u00e9tat de cause, le stockage, la protection et l\u2019utilisation de ces donn\u00e9es par Explotaciones Financieras<br \/>\nS.A. seront effectu\u00e9s dans le respect le plus strict des dispositions de la l\u00e9gislation en mati\u00e8re de protection des donn\u00e9es. En vertu des dispositions de la Loi Organique 15\/1999, du 13 d\u00e9cembre, relative \u00e0 la Protection des Donn\u00e9es \u00e0 Caract\u00e8re Personnel, les utilisateurs pourront \u00e0 tout moment exercer leurs droits d\u2019acc\u00e8s, rectification, opposition et annulation relatifs aux donn\u00e9es recueillies et archiv\u00e9es, en adressant un courrier \u00e0 Explotaciones Financieras S.A. (Calle Zubieta 56 \u2013 20007 \u2013 Donostia-San Sebasti\u00e1n- Espagne) ou par email \u00e0 l\u2019adresse de contact<br \/>\n(info@restaurante-biarritz.es ) en indiquant dans tous les cas en r\u00e9f\u00e9rence \u00ab\u00a0DATOS PERSONALES\u00a0\u00bb et le droit \u00e0 faire valoir, en joignant une copie d\u2019une pi\u00e8ce d\u2019identit\u00e9.<\/p>\n<p><strong>Disponibilit\u00e9 et mises \u00e0 jour\u00a0:<\/strong><br \/>\nExplotaciones Financieras S.A. se r\u00e9serve le droit d\u2019interrompre \u00e0 tout moment et sans avis pr\u00e9alable l\u2019acc\u00e8s au site Internet http:\/\/restaurante-biarritz.es\/, de m\u00eame qu\u2019\u00e0 modifier ou \u00e9liminer la configuration du site, ses contenus ou la prestation des services qui y sont propos\u00e9s, pour des motifs techniques, de s\u00e9curit\u00e9, de maintenance ou autres. Cette interruption, \u00e9dition ou \u00e9limination pourra avoir un caract\u00e8re temporaire ou d\u00e9finitif, sans engager en aucun cas la responsabilit\u00e9 d\u2019Explotaciones Financieras, S.A. Utilisation du site Internet, des contenus et des services\u00a0: l\u2019utilisateur sera seul responsable de l\u2019acc\u00e8s aux contenus et aux services propos\u00e9s sur http:\/\/restaurante-biarritz.es\/et de leur utilisation. Explotaciones Financieras S.A. ne sera pas tenue pour responsable des \u00e9ventuels dommages ou pr\u00e9judices \u00e9ventuellement subis par l\u2019utilisateur, ni des \u00e9ventuels probl\u00e8mes ou d\u00e9faillances techniques qui pourraient se produire sur les \u00e9quipements informatiques de l\u2019utilisateur suite \u00e0\u00a0:une utilisation inappropri\u00e9e des contenus ou services de http:\/\/restaurante-biarritz.es\/ par l\u2019utilisateur\u00a0; des erreurs, d\u00e9fauts ou omissions dans l\u2019information fournie lorsque celle-ci proc\u00e8de de sources \u00e9trang\u00e8res \u00e0 Explotaciones Financieras S.A.\u00a0; d\u2019intromissions ill\u00e9gitimes par des tierces personnes, \u00e9trang\u00e8res \u00e0 la volont\u00e9 d\u2019Explotaciones Financieras S.A.<\/p>\n<p><strong>Marques:<\/strong> Il est possible que sur le site http:\/\/restaurante-biarritz.essoient mentionn\u00e9s, de mani\u00e8re indirecte et \u00e0 titre d\u2019information, certains termes et logotypes de marques d\u00e9pos\u00e9es par leurs propri\u00e9taires respectifs ; la responsabilit\u00e9 d\u2019Explotaciones Financieras S.A. ne sera en aucun cas engag\u00e9e dans le cas d\u2019une \u00e9ventuelle utilisation inappropri\u00e9e de ces marques par des tierces personnes. Liens :Explotaciones Financieras S.A. ne sera pas tenue pour responsable des donn\u00e9es, sites Internet ou fichiers accessibles \u00e0 travers des liens (links) disponibles dans les contenus de http:\/\/restaurante-biarritz.es\/, ces sites ou fichiers objets du lien \u00e9tant sous la responsabilit\u00e9 de leurs titulaires respectifs. Par cons\u00e9quent, Explotaciones Financieras S.A., n\u2019approuve ni n\u2019assume la propri\u00e9t\u00e9 des produits, services, contenus, informations, donn\u00e9es, fichiers ou tout autre type de mat\u00e9riel existant sur ces sites Internet ou fichiers, pas plus qu\u2019elle ne contr\u00f4le, conform\u00e9ment aux dispositions de la LSSICE, ni n\u2019assume la responsabilit\u00e9 de la qualit\u00e9, l\u00e9galit\u00e9, fiabilit\u00e9 et utilit\u00e9 de l\u2019information, contenus, donn\u00e9es et services existant sur les sites des liens, \u00e9trangers \u00e0 http:\/\/restaurante-biarritz.es\/. Dans l\u2019hypoth\u00e8se o\u00f9 un organe comp\u00e9tent d\u00e9clarait les donn\u00e9es illicites et ordonnait leur retrait ou en interdisait l\u2019acc\u00e8s, ou que l\u2019existence d\u2019une l\u00e9sion \u00e9tait confirm\u00e9e, les liens indiqu\u00e9s seraient imm\u00e9diatement retir\u00e9s d\u00e8s la notification expresse \u00e0 Explotaciones Financieras S.A.<\/p>\n<p>Un cookie est un petit fichier texte stock\u00e9 sur le navigateur de l\u2019utilisateur lorsqu\u2019il visite un site Internet. Sa fonction est de m\u00e9moriser sa visite pour de futures navigations. Les cookies stockent g\u00e9n\u00e9ralement des informations de caract\u00e8re technique, les pr\u00e9f\u00e9rences personnelles, la personnalisation de contenus, des statistiques d\u2019utilisation, des liens vers des r\u00e9seaux sociaux, des acc\u00e8s \u00e0 des comptes d\u2019utilisateur, etc. Leur objectif est d\u2019adapter le contenu du site Internet au profil de l\u2019utilisateur et \u00e0 ses besoins ; sans cookies, les services propos\u00e9s par les sites Internet se verraient consid\u00e9rablement r\u00e9duits.<\/p>\n<p><strong>Cookies utilis\u00e9s sur ce site Internet:<\/strong> En vertu des directives de l\u2019Agence espagnole de Protection des Donn\u00e9es, nous d\u00e9taillons ci-apr\u00e8s les cookies utilis\u00e9s sur notre site et leur fonction aux fins d\u2019informer l\u2019utilisateur avec le plus d\u2019exactitude possible. Ce site Internet utilise les cookies propres suivants : cookies de session, pour garantir que les utilisateurs qui \u00e9crivent des commentaires sur le blog sont humains et non des applications automatis\u00e9es. C\u2019est un moyen de combattre le spam.<\/p>\n<p><strong>Ce site Internet utilise les cookies de tiers suivants:<\/strong> Google Analytics\u00a0 stocke des cookies pour \u00e9laborer des statistiques sur le trafic et le volume de visites sur le site. En utilisant ce site, l\u2019utilisateur consent au traitement par Google de l\u2019information le concernant. Par cons\u00e9quent, tout droit en ce sens devra \u00eatre exerc\u00e9 directement aupr\u00e8s de Google. R\u00e9seaux sociaux : chaque r\u00e9seau social utilise ses propres cookies pour que l\u2019utilisateur puisse cliquer sur des boutons du type J\u2019aime ou Partager.<\/p>\n<p><strong>D\u00e9sactivation ou \u00e9limination des cookies<\/strong><\/p>\n<p>L\u2019utilisateur pourra \u00e0 tout moment exercer son droit de d\u00e9sactivation ou \u00e9limination des cookies de ce site Internet. Ces actions seront op\u00e9r\u00e9es de diff\u00e9rentes mani\u00e8res en fonction du navigateur utilis\u00e9.<\/p>\n<p><strong>Notes additionnelles<\/strong><\/p>\n<p>Ni ce site Internet ni ses repr\u00e9sentants l\u00e9gaux ne seront tenus pour responsables du contenu ni de la v\u00e9racit\u00e9 des politiques de confidentialit\u00e9 des tiers mentionn\u00e9s dans cette politique de cookies. Les navigateurs web sont les outils charg\u00e9s de stocker les cookies et l\u2019endroit depuis lequel l\u2019utilisateur peut exercer son droit d\u2019\u00e9limination ou de d\u00e9sactivation de ces cookies. Ni ce site Internet ni ses repr\u00e9sentants l\u00e9gaux ne peuvent garantir la manipulation correcte ou incorrecte des cookies par les navigateurs mentionn\u00e9s. Dans certains cas, il est n\u00e9cessaire d\u2019installer des cookies pour que le navigateur n\u2019oublie pas la d\u00e9cision de l\u2019utilisateur de ne pas les accepter. Dans le cas de Google Analytics, celle-ci stocke les cookies sur des serveurs implant\u00e9s aux \u00c9tats-Unis et s\u2019engage \u00e0 ne pas les partager avec des tiers, sauf dans les cas de n\u00e9cessit\u00e9s aux fins de fonctionnement du syst\u00e8me ou d\u2019exigence l\u00e9gale. Google affirme qu\u2019elle ne conserve pas l\u2019adresse IP de l\u2019utilisateur. Google Inc. est une compagnie qui adh\u00e8re aux principes de \u00ab\u00a0sph\u00e8re de s\u00e9curit\u00e9\u00a0\u00bb, qui garantit que toutes les donn\u00e9es transf\u00e9r\u00e9es seront trait\u00e9es avec un niveau de protection conforme \u00e0 la r\u00e9glementation europ\u00e9enne. Vous pouvez consulter l\u2019information d\u00e9taill\u00e9e relative \u00e0 ce sujet sur ce lien. Si vous souhaitez des informations sur l\u2019utilisation donn\u00e9e par Google aux cookies, nous vous joignons cet autre lien. Pour toute question ou consultation sur cette politique de cookies, n\u2019h\u00e9sitez pas \u00e0 nous contacter \u00e0 travers la section Contact.<\/p>\n<p>\u00a9 Tous droits r\u00e9serv\u00e9s\u00a0: Explotaciones Financieras S.A.info@restaurante-biarritz.es<\/p>\n<\/div><\/section>\n","protected":false},"excerpt":{"rendered":"","protected":false},"author":1,"featured_media":0,"parent":0,"menu_order":0,"comment_status":"closed","ping_status":"closed","template":"","meta":{"footnotes":""},"class_list":["post-1054","page","type-page","status-publish","hentry"],"aioseo_notices":[],"_links":{"self":[{"href":"https:\/\/restaurante-biarritz.es\/fr\/wp-json\/wp\/v2\/pages\/1054","targetHints":{"allow":["GET"]}}],"collection":[{"href":"https:\/\/restaurante-biarritz.es\/fr\/wp-json\/wp\/v2\/pages"}],"about":[{"href":"https:\/\/restaurante-biarritz.es\/fr\/wp-json\/wp\/v2\/types\/page"}],"author":[{"embeddable":true,"href":"https:\/\/restaurante-biarritz.es\/fr\/wp-json\/wp\/v2\/users\/1"}],"replies":[{"embeddable":true,"href":"https:\/\/restaurante-biarritz.es\/fr\/wp-json\/wp\/v2\/comments?post=1054"}],"version-history":[{"count":4,"href":"https:\/\/restaurante-biarritz.es\/fr\/wp-json\/wp\/v2\/pages\/1054\/revisions"}],"predecessor-version":[{"id":5428,"href":"https:\/\/restaurante-biarritz.es\/fr\/wp-json\/wp\/v2\/pages\/1054\/revisions\/5428"}],"wp:attachment":[{"href":"https:\/\/restaurante-biarritz.es\/fr\/wp-json\/wp\/v2\/media?parent=1054"}],"curies":[{"name":"wp","href":"https:\/\/api.w.org\/{rel}","templated":true}]}}